{"id":5592,"date":"2016-12-05T09:17:34","date_gmt":"2016-12-05T09:17:34","guid":{"rendered":"https:\/\/demo.wpzoom.com\/inspiro\/?page_id=5592"},"modified":"2025-11-18T22:24:40","modified_gmt":"2025-11-18T22:24:40","slug":"sobre","status":"publish","type":"page","link":"https:\/\/8digitos.com.br\/en\/sobre\/","title":{"rendered":"About"},"content":{"rendered":"<div class=\"wp-block-group has-global-padding is-layout-constrained wp-container-core-group-is-layout-3a820303 wp-block-group-is-layout-constrained\" style=\"padding-right:var(--wp--preset--spacing--small);padding-left:var(--wp--preset--spacing--small)\">\n<div style=\"height:176px\" aria-hidden=\"true\" class=\"wp-block-spacer\"><\/div>\n\n\n\n<h2 class=\"wp-block-heading has-large-font-size\" id=\"inspiro-is-a-digital-product-agency-that-focuses-on-strategy-and-design\" style=\"font-style:normal;font-weight:100\"><\/h2>\n\n\n\n<figure class=\"wp-block-image aligncenter size-full\"><img loading=\"lazy\" decoding=\"async\" width=\"800\" height=\"158\" src=\"https:\/\/8digitos.com.br\/wp-content\/uploads\/2025\/09\/cropped-logo-8digitos.png\" alt=\"\" class=\"wp-image-6970\" srcset=\"https:\/\/8digitos.com.br\/wp-content\/uploads\/2025\/09\/cropped-logo-8digitos.png 800w, https:\/\/8digitos.com.br\/wp-content\/uploads\/2025\/09\/cropped-logo-8digitos-300x59.png 300w, https:\/\/8digitos.com.br\/wp-content\/uploads\/2025\/09\/cropped-logo-8digitos-18x4.png 18w\" sizes=\"auto, (max-width: 800px) 100vw, 800px\" \/><\/figure>\n\n\n\n<div style=\"height:54px\" aria-hidden=\"true\" class=\"wp-block-spacer\"><\/div>\n\n\n\n<h3 class=\"wp-block-heading has-medium-font-size\" id=\"inspiro-is-a-digital-product-agency-that-focuses-on-strategy-and-desig\" style=\"font-style:normal;font-weight:300\">8 D\u00edgitos develops multiplatform projects in the areas of film, literature, and games, with a strong focus on social and environmental themes. <\/h3>\n\n\n\n<p class=\"has-medium-font-size\">We approach deep and contemporary subjects in an accessible and lighthearted way. We are a content studio with award-winning works and publicly funded projects, including the Mysteries of Sofia Santos franchise \u2014 featuring a prize-winning interactive children\u2019s book adopted by a literature club (currently being adapted into a fiction series, with a sequel in development); the comedy documentary series Agroforestry \u2014 And Why Should I Care?, co-produced with Lira Filmes; and the game Gera\u00e7\u00f5es, currently in the prototype stage.\n\nFounded in 2018, 8 D\u00edgitos brings together the creative vision of its partners: Lara Dezan, an award-winning filmmaker with extensive experience in television, documentaries, and advertising; and Lucas de Camillo, game designer behind the also award-winning game Tuned Turtle \u2014 A Tartaruga Tunada.<\/p>\n\n\n\n<div style=\"height:100px\" aria-hidden=\"true\" class=\"wp-block-spacer\"><\/div>\n<\/div>\n\n\n\n<div class=\"wp-block-group alignfull has-black-background-color has-background has-global-padding is-layout-constrained wp-block-group-is-layout-constrained\" style=\"padding-top:var(--wp--preset--spacing--medium);padding-bottom:var(--wp--preset--spacing--medium)\">\n<div class=\"wp-block-columns are-vertically-aligned-center is-layout-flex wp-container-core-columns-is-layout-28f84493 wp-block-columns-is-layout-flex\">\n<div class=\"wp-block-column is-vertically-aligned-center is-layout-flow wp-block-column-is-layout-flow\" style=\"padding-top:20px;padding-right:0px;padding-bottom:20px;padding-left:0px\"><\/div>\n\n\n\n<div class=\"wp-block-column is-vertically-aligned-center is-layout-flow wp-block-column-is-layout-flow\" style=\"padding-top:20px;padding-right:0px;padding-bottom:20px;padding-left:0px\"><\/div>\n<\/div>\n<\/div>","protected":false},"excerpt":{"rendered":"<p>A 8 D\u00edgitos desenvolve projetos multiplataformas nas \u00e1reas de cinema, literatura e games &#8211; sobretudo com foco em tem\u00e1ticas sociais e ambientais. Abordamos de forma leve, assuntos profundos e contempor\u00e2neos. Somos uma casa de conte\u00fado com obras premiadas e contempladas em editais, com destaque para a franquia \u201cMist\u00e9rios de Sofia Santos\u201d &#8211; com livro-interativo infantojuvenil &hellip; <\/p>\n<p class=\"link-more\"><a href=\"https:\/\/8digitos.com.br\/en\/sobre\/\" class=\"more-link\">Read more<span class=\"screen-reader-text\"> &#8220;Sobre&#8221;<\/span><\/a><\/p>","protected":false},"author":1,"featured_media":0,"parent":0,"menu_order":0,"comment_status":"closed","ping_status":"closed","template":"page-templates\/full-width-no-title.php","meta":{"footnotes":""},"class_list":["post-5592","page","type-page","status-publish","hentry"],"featured_media_urls":[],"_links":{"self":[{"href":"https:\/\/8digitos.com.br\/en\/wp-json\/wp\/v2\/pages\/5592","targetHints":{"allow":["GET"]}}],"collection":[{"href":"https:\/\/8digitos.com.br\/en\/wp-json\/wp\/v2\/pages"}],"about":[{"href":"https:\/\/8digitos.com.br\/en\/wp-json\/wp\/v2\/types\/page"}],"author":[{"embeddable":true,"href":"https:\/\/8digitos.com.br\/en\/wp-json\/wp\/v2\/users\/1"}],"replies":[{"embeddable":true,"href":"https:\/\/8digitos.com.br\/en\/wp-json\/wp\/v2\/comments?post=5592"}],"version-history":[{"count":3,"href":"https:\/\/8digitos.com.br\/en\/wp-json\/wp\/v2\/pages\/5592\/revisions"}],"predecessor-version":[{"id":7094,"href":"https:\/\/8digitos.com.br\/en\/wp-json\/wp\/v2\/pages\/5592\/revisions\/7094"}],"wp:attachment":[{"href":"https:\/\/8digitos.com.br\/en\/wp-json\/wp\/v2\/media?parent=5592"}],"curies":[{"name":"wp","href":"https:\/\/api.w.org\/{rel}","templated":true}]}}